{"id":1078,"date":"2023-05-29T23:43:45","date_gmt":"2023-05-29T23:43:45","guid":{"rendered":"https:\/\/www.robertopierantoni.com.ar\/productos\/?page_id=1078"},"modified":"2023-05-29T23:43:45","modified_gmt":"2023-05-29T23:43:45","slug":"equipo-en-alquiler","status":"publish","type":"page","link":"https:\/\/www.robertopierantoni.com.ar\/productos\/equipo-en-alquiler\/","title":{"rendered":"Equipo en alquiler"},"content":{"rendered":"<section class=\"wpb-content-wrapper\"><p>[vc_row][vc_column width=&#8221;1\/3&#8243;][vc_single_image image=&#8221;1027&#8243; img_size=&#8221;FULL&#8221; onclick=&#8221;link_image&#8221;][ts_section_title align=&#8221;left&#8221; title=&#8221;TME 5,5&#8243;][vc_column_text]Tunelera con motor el\u00e9ctrico trif\u00e1sico de 5,5HP con capacidad de hasta 0,30m de di\u00e1metro por hasta 20m de largo.<\/p>\n<p>[vc_btn title=&#8221;Ver video&#8221; style=&#8221;flat&#8221; color=&#8221;inverse&#8221; i_icon_fontawesome=&#8221;fab fa-youtube&#8221; add_icon=&#8221;true&#8221; el_class=&#8221;popmake-878&#8243; style=&#8221;margin-right: 15px;&#8221;][vc_btn title=&#8221;Consultar&#8221; style=&#8221;flat&#8221; color=&#8221;inverse&#8221; i_icon_fontawesome=&#8221;fas fa-envelope&#8221; add_icon=&#8221;true&#8221; el_class=&#8221;popmake-1070&#8243;][\/vc_column_text][vc_empty_space][\/vc_column][vc_column width=&#8221;1\/3&#8243;][\/vc_column][vc_column width=&#8221;1\/3&#8243;][\/vc_column][\/vc_row]<\/p>\n<\/section>","protected":false},"excerpt":{"rendered":"<p>[vc_row][vc_column width=&#8221;1\/3&#8243;][vc_single_image image=&#8221;1027&#8243; img_size=&#8221;FULL&#8221; onclick=&#8221;link_image&#8221;][ts_section_title align=&#8221;left&#8221; title=&#8221;TME 5,5&#8243;][vc_column_text]Tunelera con motor el\u00e9ctrico trif\u00e1sico de 5,5HP con capacidad de hasta 0,30m de di\u00e1metro por hasta 20m de largo. [vc_btn title=&#8221;Ver video&#8221; style=&#8221;flat&#8221; color=&#8221;inverse&#8221; i_icon_fontawesome=&#8221;fab fa-youtube&#8221; add_icon=&#8221;true&#8221; el_class=&#8221;popmake-878&#8243; style=&#8221;margin-right: 15px;&#8221;][vc_btn title=&#8221;Consultar&#8221; style=&#8221;flat&#8221; color=&#8221;inverse&#8221; i_icon_fontawesome=&#8221;fas fa-envelope&#8221; add_icon=&#8221;true&#8221; el_class=&#8221;popmake-1070&#8243;][\/vc_column_text][vc_empty_space][\/vc_column][vc_column width=&#8221;1\/3&#8243;][\/vc_column][vc_column width=&#8221;1\/3&#8243;][\/vc_column][\/vc_row]<\/p>\n","protected":false},"author":1,"featured_media":0,"parent":0,"menu_order":0,"comment_status":"closed","ping_status":"closed","template":"","meta":{"footnotes":""},"class_list":["post-1078","page","type-page","status-publish","hentry"],"acf":[],"_links":{"self":[{"href":"https:\/\/www.robertopierantoni.com.ar\/productos\/wp-json\/wp\/v2\/pages\/1078","targetHints":{"allow":["GET"]}}],"collection":[{"href":"https:\/\/www.robertopierantoni.com.ar\/productos\/wp-json\/wp\/v2\/pages"}],"about":[{"href":"https:\/\/www.robertopierantoni.com.ar\/productos\/wp-json\/wp\/v2\/types\/page"}],"author":[{"embeddable":true,"href":"https:\/\/www.robertopierantoni.com.ar\/productos\/wp-json\/wp\/v2\/users\/1"}],"replies":[{"embeddable":true,"href":"https:\/\/www.robertopierantoni.com.ar\/productos\/wp-json\/wp\/v2\/comments?post=1078"}],"version-history":[{"count":1,"href":"https:\/\/www.robertopierantoni.com.ar\/productos\/wp-json\/wp\/v2\/pages\/1078\/revisions"}],"predecessor-version":[{"id":1079,"href":"https:\/\/www.robertopierantoni.com.ar\/productos\/wp-json\/wp\/v2\/pages\/1078\/revisions\/1079"}],"wp:attachment":[{"href":"https:\/\/www.robertopierantoni.com.ar\/productos\/wp-json\/wp\/v2\/media?parent=1078"}],"curies":[{"name":"wp","href":"https:\/\/api.w.org\/{rel}","templated":true}]}}