{"id":136,"date":"2020-06-24T20:42:01","date_gmt":"2020-06-24T20:42:01","guid":{"rendered":"http:\/\/consto.themezinho.net\/?page_id=136"},"modified":"2025-05-12T19:01:08","modified_gmt":"2025-05-12T19:01:08","slug":"contacto","status":"publish","type":"page","link":"https:\/\/www.robertopierantoni.com.ar\/productos\/contacto\/","title":{"rendered":"Contacto"},"content":{"rendered":"<section class=\"wpb-content-wrapper\"><p>[vc_row full_width=&#8221;stretch_row&#8221; motts_theme_padding=&#8221;no&#8221; use_container=&#8221;yes&#8221;][vc_column][vc_row_inner][vc_column_inner offset=&#8221;vc_col-md-6&#8243;][ts_contact_box icon=&#8221;141&#8243; title=&#8221;Oficina Carcara\u00f1\u00e1&#8221; description=&#8221;9 de Julio 665<br \/>\n2138 Carcara\u00f1\u00e1, Santa Fe.&#8221;][ts_contact_box icon=&#8221;145&#8243; title=&#8221;Tel\u00e9fono&#8221; description=&#8221;+54 341 4941026 \/ 4941843<br \/>\n+54 341 4940030 \/ 4940010 \/ 4942298&#8243;][ts_contact_box icon=&#8221;146&#8243; title=&#8221;Email&#8221; description=&#8221;<b>Ventas. Sector Maquinaria:<\/b><br \/>\nFranco Pierantoni<br \/>\n<b><\/b><br \/>\n<b>Administraci\u00f3n:<\/b><br \/>\nNatalia Rodriguez \/ Marina Scopetta<br \/>\n<b><\/b><br \/>\n<b>Compras:<\/b><br \/>\nAgust\u00edn Montes<br \/>\n<b><\/b><br \/>\n<b>RRHH . Papeler\u00eda de obra:<\/b><br \/>\nEdgardo Corradin&#8221;][\/vc_column_inner][vc_column_inner offset=&#8221;vc_col-md-6&#8243;][ts_contact_box icon=&#8221;141&#8243; title=&#8221;Encargado de Presupuesto&#8221; description=&#8221;Franco Pierantoni<\/p>\n<p>Cel: +54 9 341 6751157<br \/>\n&#8220;][vc_empty_space][ts_section_title align=&#8221;left&#8221; tagline=&#8221;FORMULARIO DE CONTACTO&#8221; title=&#8221;P\u00f3ngase en contacto con nosotros&#8221;]\n<div class=\"wpcf7 no-js\" id=\"wpcf7-f382-o1\" lang=\"en-US\" dir=\"ltr\" data-wpcf7-id=\"382\">\n<div class=\"screen-reader-response\"><p role=\"status\" aria-live=\"polite\" aria-atomic=\"true\"><\/p> <ul><\/ul><\/div>\n<form action=\"\/productos\/wp-json\/wp\/v2\/pages\/136#wpcf7-f382-o1\" method=\"post\" class=\"wpcf7-form init\" aria-label=\"Contact form\" novalidate=\"novalidate\" data-status=\"init\">\n<fieldset class=\"hidden-fields-container\"><input type=\"hidden\" name=\"_wpcf7\" value=\"382\" \/><input type=\"hidden\" name=\"_wpcf7_version\" value=\"6.1.5\" \/><input type=\"hidden\" name=\"_wpcf7_locale\" value=\"en_US\" \/><input type=\"hidden\" name=\"_wpcf7_unit_tag\" value=\"wpcf7-f382-o1\" \/><input type=\"hidden\" name=\"_wpcf7_container_post\" value=\"0\" \/><input type=\"hidden\" name=\"_wpcf7_posted_data_hash\" value=\"\" \/><input type=\"hidden\" name=\"_wpcf7_recaptcha_response\" value=\"\" \/>\n<\/fieldset>\n<div class=\"contact-form\">\n\t<div class=\"form-group\">\n\t\t<p><span>Nombre y Apelldio<\/span><br \/>\n<span class=\"wpcf7-form-control-wrap\" data-name=\"your-name\"><input size=\"40\" maxlength=\"400\" class=\"wpcf7-form-control wpcf7-text wpcf7-validates-as-required\" aria-required=\"true\" aria-invalid=\"false\" value=\"\" type=\"text\" name=\"your-name\" \/><\/span>\n\t\t<\/p>\n\t<\/div>\n\t\t <!-- end form-group -->\n\t<div class=\"form-group\">\n\t\t<p><span>E-mail<\/span><br \/>\n<span class=\"wpcf7-form-control-wrap\" data-name=\"your-email\"><input size=\"40\" maxlength=\"400\" class=\"wpcf7-form-control wpcf7-email wpcf7-validates-as-required wpcf7-text wpcf7-validates-as-email\" aria-required=\"true\" aria-invalid=\"false\" value=\"\" type=\"email\" name=\"your-email\" \/><\/span>\n\t\t<\/p>\n\t<\/div>\n\t\t <!-- end form-group -->\n\t<div class=\"form-group\">\n\t\t<p><span>Tel\u00e9fono<\/span><br \/>\n<span class=\"wpcf7-form-control-wrap\" data-name=\"your-telefono\"><input size=\"40\" maxlength=\"400\" class=\"wpcf7-form-control wpcf7-text wpcf7-validates-as-required\" aria-required=\"true\" aria-invalid=\"false\" value=\"\" type=\"text\" name=\"your-telefono\" \/><\/span>\n\t\t<\/p>\n\t<\/div>\n\t<div class=\"form-group\">\n\t\t<p><span>Seleccione categor\u00eda del equipo<\/span><br \/>\n<span class=\"wpcf7-form-control-wrap\" data-name=\"your-recipient\"><select class=\"wpcf7-form-control wpcf7-select\" aria-invalid=\"false\" name=\"your-recipient\"><option value=\"L\u00ednea agricola\">L\u00ednea agricola<\/option><option value=\"L\u00ednea de construcci\u00f3n\">L\u00ednea de construcci\u00f3n<\/option><option value=\"Carretones porta bobinas\">Carretones porta bobinas<\/option><option value=\"Tuneleras\">Tuneleras<\/option><option value=\"Destoconadora\">Destoconadora<\/option><\/select><\/span>\n\t\t<\/p>\n\t<\/div>\n\n\t\t <!-- end form-group -->\n\t<div class=\"form-group\">\n\t\t<p><span>Mensaje<\/span><br \/>\n<span class=\"wpcf7-form-control-wrap\" data-name=\"your-message\"><textarea cols=\"40\" rows=\"10\" maxlength=\"2000\" class=\"wpcf7-form-control wpcf7-textarea wpcf7-validates-as-required\" aria-required=\"true\" aria-invalid=\"false\" name=\"your-message\"><\/textarea><\/span>\n\t\t<\/p>\n\t<\/div>\n<span class=\"wpcf7-form-control-wrap recaptcha\" data-name=\"recaptcha\"><span data-sitekey=\"6LeJuewoAAAAABLi970lWtJE60UWMW5jr76IPAlD\" class=\"wpcf7-form-control wpcf7-recaptcha g-recaptcha\"><\/span>\r\n<noscript>\r\n\t<div class=\"grecaptcha-noscript\">\r\n\t\t<iframe loading=\"lazy\" src=\"https:\/\/www.google.com\/recaptcha\/api\/fallback?k=6LeJuewoAAAAABLi970lWtJE60UWMW5jr76IPAlD\" frameborder=\"0\" scrolling=\"no\" width=\"310\" height=\"430\">\r\n\t\t<\/iframe>\r\n\t\t<textarea name=\"g-recaptcha-response\" rows=\"3\" cols=\"40\" placeholder=\"reCaptcha Response Here\">\r\n\t\t<\/textarea>\r\n\t<\/div>\r\n<\/noscript>\r\n<\/span>\n\t\t <!-- end form-group -->\n\t<div class=\"form-group\">\n\t\t<p><input type=\"submit\" value=\"Enviar\" \/>\n\t\t<\/p>\n\t<\/div>\n\t\t <!-- end form-group -->\n<\/div><div class=\"wpcf7-response-output\" aria-hidden=\"true\"><\/div>\n<\/form>\n<\/div>\n[\/vc_column_inner][\/vc_row_inner][\/vc_column][\/vc_row][vc_row motts_theme_padding=&#8221;no&#8221; css=&#8221;.vc_custom_1593182392929{margin-right: 0px !important;margin-left: 0px !important;}&#8221;][vc_column css=&#8221;.vc_custom_1593182414164{padding-right: 0px !important;padding-left: 0px !important;}&#8221;][ts_google_maps iframe_url=&#8221;https:\/\/www.google.com\/maps\/embed?pb=!1m18!1m12!1m3!1d3351.423090386905!2d-61.14648258481587!3d-32.860523480946824!2m3!1f0!2f0!3f0!3m2!1i1024!2i768!4f13.1!3m3!1m2!1s0x95b62537d88c462f%3A0xfb18ba3853623952!2sRoberto%20Pierantoni%20SRL!5e0!3m2!1ses!2sar!4v1668177997819!5m2!1ses!2sar&#8221; map_height=&#8221;520&#8243;][\/vc_column][\/vc_row]<\/p>\n<\/section>","protected":false},"excerpt":{"rendered":"<p>[vc_row full_width=&#8221;stretch_row&#8221; motts_theme_padding=&#8221;no&#8221; use_container=&#8221;yes&#8221;][vc_column][vc_row_inner][vc_column_inner offset=&#8221;vc_col-md-6&#8243;][ts_contact_box icon=&#8221;141&#8243; title=&#8221;Oficina Carcara\u00f1\u00e1&#8221; description=&#8221;9 de Julio 665 2138 Carcara\u00f1\u00e1, Santa Fe.&#8221;][ts_contact_box icon=&#8221;145&#8243; title=&#8221;Tel\u00e9fono&#8221; description=&#8221;+54 341 4941026 \/ 4941843 +54 341 4940030 \/ 4940010 \/ 4942298&#8243;][ts_contact_box icon=&#8221;146&#8243; title=&#8221;Email&#8221; description=&#8221;Ventas. Sector Maquinaria: Franco Pierantoni Administraci\u00f3n: Natalia Rodriguez \/ Marina Scopetta Compras: Agust\u00edn Montes RRHH . Papeler\u00eda de obra: Edgardo Corradin&#8221;][\/vc_column_inner][vc_column_inner offset=&#8221;vc_col-md-6&#8243;][ts_contact_box icon=&#8221;141&#8243; [&hellip;]<\/p>\n","protected":false},"author":1,"featured_media":0,"parent":0,"menu_order":0,"comment_status":"closed","ping_status":"closed","template":"page-builder.php","meta":{"footnotes":""},"class_list":["post-136","page","type-page","status-publish","hentry"],"acf":[],"_links":{"self":[{"href":"https:\/\/www.robertopierantoni.com.ar\/productos\/wp-json\/wp\/v2\/pages\/136","targetHints":{"allow":["GET"]}}],"collection":[{"href":"https:\/\/www.robertopierantoni.com.ar\/productos\/wp-json\/wp\/v2\/pages"}],"about":[{"href":"https:\/\/www.robertopierantoni.com.ar\/productos\/wp-json\/wp\/v2\/types\/page"}],"author":[{"embeddable":true,"href":"https:\/\/www.robertopierantoni.com.ar\/productos\/wp-json\/wp\/v2\/users\/1"}],"replies":[{"embeddable":true,"href":"https:\/\/www.robertopierantoni.com.ar\/productos\/wp-json\/wp\/v2\/comments?post=136"}],"version-history":[{"count":27,"href":"https:\/\/www.robertopierantoni.com.ar\/productos\/wp-json\/wp\/v2\/pages\/136\/revisions"}],"predecessor-version":[{"id":1133,"href":"https:\/\/www.robertopierantoni.com.ar\/productos\/wp-json\/wp\/v2\/pages\/136\/revisions\/1133"}],"wp:attachment":[{"href":"https:\/\/www.robertopierantoni.com.ar\/productos\/wp-json\/wp\/v2\/media?parent=136"}],"curies":[{"name":"wp","href":"https:\/\/api.w.org\/{rel}","templated":true}]}}