{"id":821,"date":"2023-03-15T20:47:56","date_gmt":"2023-03-15T20:47:56","guid":{"rendered":"https:\/\/www.robertopierantoni.com.ar\/productos\/?page_id=821"},"modified":"2023-06-28T21:05:13","modified_gmt":"2023-06-28T21:05:13","slug":"linea-agricola","status":"publish","type":"page","link":"https:\/\/www.robertopierantoni.com.ar\/productos\/linea-agricola\/","title":{"rendered":"L\u00ednea agr\u00edcola"},"content":{"rendered":"<section class=\"wpb-content-wrapper\"><p>[vc_row][vc_column width=&#8221;1\/3&#8243;][vc_images_carousel images=&#8221;1023,1025&#8243; img_size=&#8221;full&#8221; speed=&#8221;3000&#8243; autoplay=&#8221;yes&#8221; hide_pagination_control=&#8221;yes&#8221; hide_prev_next_buttons=&#8221;yes&#8221; wrap=&#8221;yes&#8221;][ts_section_title align=&#8221;left&#8221; title=&#8221;Hoyadora para 3 pts. LH12\/15&#8243;][vc_column_text]<\/p>\n<p>Hoyadora para el tres puntos del tractor, provista con mecha de di\u00e1metro 0,30m por 1,20m y 1,50m de largo.<\/p>\n<p>[vc_btn title=&#8221;Consultar&#8221; style=&#8221;flat&#8221; color=&#8221;inverse&#8221; i_icon_fontawesome=&#8221;fas fa-envelope&#8221; add_icon=&#8221;true&#8221; el_class=&#8221;popmake-858&#8243;]<\/p>\n<p>[\/vc_column_text][vc_empty_space][\/vc_column][vc_column width=&#8221;1\/3&#8243;][vc_single_image image=&#8221;873&#8243; img_size=&#8221;FULL&#8221; onclick=&#8221;link_image&#8221;][ts_section_title align=&#8221;left&#8221; title=&#8221;Hoyadora de Arrastre LMT120&#8243;][vc_column_text]Hoyadora de levante mec\u00e1nico manual o hidr\u00e1ulico transportable, provista con mecha de \u00d8 0,30m x 1,20m y 1,50m de largo.<\/p>\n<p>[vc_btn title=&#8221;Consultar&#8221; style=&#8221;flat&#8221; color=&#8221;inverse&#8221; i_icon_fontawesome=&#8221;fas fa-envelope&#8221; add_icon=&#8221;true&#8221; el_class=&#8221;popmake-858&#8243;][\/vc_column_text][vc_empty_space][\/vc_column][vc_column width=&#8221;1\/3&#8243;][vc_single_image image=&#8221;873&#8243; img_size=&#8221;FULL&#8221; onclick=&#8221;link_image&#8221;][ts_section_title align=&#8221;left&#8221; title=&#8221;Hoyadora de Arrastre LMT150&#8243;][vc_column_text]Hoyadora de levante mec\u00e1nico manual o hidr\u00e1ulico transportable, provista con mecha de \u00d8 0,30m x 1,20m y 1,50m de largo.<\/p>\n<p>[vc_btn title=&#8221;Consultar&#8221; style=&#8221;flat&#8221; color=&#8221;inverse&#8221; i_icon_fontawesome=&#8221;fas fa-envelope&#8221; add_icon=&#8221;true&#8221; el_class=&#8221;popmake-858&#8243;][\/vc_column_text][vc_empty_space][\/vc_column][\/vc_row][vc_row][vc_column width=&#8221;1\/3&#8243;][\/vc_column][vc_column width=&#8221;1\/3&#8243;][\/vc_column][vc_column width=&#8221;1\/3&#8243;][\/vc_column][vc_column][\/vc_column][\/vc_row]<\/p>\n<\/section>","protected":false},"excerpt":{"rendered":"<p>[vc_row][vc_column width=&#8221;1\/3&#8243;][vc_images_carousel images=&#8221;1023,1025&#8243; img_size=&#8221;full&#8221; speed=&#8221;3000&#8243; autoplay=&#8221;yes&#8221; hide_pagination_control=&#8221;yes&#8221; hide_prev_next_buttons=&#8221;yes&#8221; wrap=&#8221;yes&#8221;][ts_section_title align=&#8221;left&#8221; title=&#8221;Hoyadora para 3 pts. LH12\/15&#8243;][vc_column_text] Hoyadora para el tres puntos del tractor, provista con mecha de di\u00e1metro 0,30m por 1,20m y 1,50m de largo. [vc_btn title=&#8221;Consultar&#8221; style=&#8221;flat&#8221; color=&#8221;inverse&#8221; i_icon_fontawesome=&#8221;fas fa-envelope&#8221; add_icon=&#8221;true&#8221; el_class=&#8221;popmake-858&#8243;] [\/vc_column_text][vc_empty_space][\/vc_column][vc_column width=&#8221;1\/3&#8243;][vc_single_image image=&#8221;873&#8243; img_size=&#8221;FULL&#8221; onclick=&#8221;link_image&#8221;][ts_section_title align=&#8221;left&#8221; title=&#8221;Hoyadora de Arrastre LMT120&#8243;][vc_column_text]Hoyadora de levante mec\u00e1nico [&hellip;]<\/p>\n","protected":false},"author":1,"featured_media":0,"parent":0,"menu_order":0,"comment_status":"closed","ping_status":"closed","template":"","meta":{"footnotes":""},"class_list":["post-821","page","type-page","status-publish","hentry"],"acf":[],"_links":{"self":[{"href":"https:\/\/www.robertopierantoni.com.ar\/productos\/wp-json\/wp\/v2\/pages\/821","targetHints":{"allow":["GET"]}}],"collection":[{"href":"https:\/\/www.robertopierantoni.com.ar\/productos\/wp-json\/wp\/v2\/pages"}],"about":[{"href":"https:\/\/www.robertopierantoni.com.ar\/productos\/wp-json\/wp\/v2\/types\/page"}],"author":[{"embeddable":true,"href":"https:\/\/www.robertopierantoni.com.ar\/productos\/wp-json\/wp\/v2\/users\/1"}],"replies":[{"embeddable":true,"href":"https:\/\/www.robertopierantoni.com.ar\/productos\/wp-json\/wp\/v2\/comments?post=821"}],"version-history":[{"count":46,"href":"https:\/\/www.robertopierantoni.com.ar\/productos\/wp-json\/wp\/v2\/pages\/821\/revisions"}],"predecessor-version":[{"id":1124,"href":"https:\/\/www.robertopierantoni.com.ar\/productos\/wp-json\/wp\/v2\/pages\/821\/revisions\/1124"}],"wp:attachment":[{"href":"https:\/\/www.robertopierantoni.com.ar\/productos\/wp-json\/wp\/v2\/media?parent=821"}],"curies":[{"name":"wp","href":"https:\/\/api.w.org\/{rel}","templated":true}]}}