{"id":909,"date":"2023-03-21T19:58:32","date_gmt":"2023-03-21T19:58:32","guid":{"rendered":"https:\/\/www.robertopierantoni.com.ar\/productos\/?page_id=909"},"modified":"2023-06-28T21:00:10","modified_gmt":"2023-06-28T21:00:10","slug":"carretones-porta-bobinas","status":"publish","type":"page","link":"https:\/\/www.robertopierantoni.com.ar\/productos\/carretones-porta-bobinas\/","title":{"rendered":"Carretones porta bobinas"},"content":{"rendered":"<section class=\"wpb-content-wrapper\"><p>[vc_row][vc_column width=&#8221;1\/3&#8243;][vc_images_carousel images=&#8221;912&#8243; img_size=&#8221;full&#8221; speed=&#8221;4000&#8243; autoplay=&#8221;yes&#8221; hide_pagination_control=&#8221;yes&#8221; hide_prev_next_buttons=&#8221;yes&#8221; wrap=&#8221;yes&#8221;][ts_section_title align=&#8221;left&#8221; title=&#8221;CPA500&#8243;][vc_column_text]Porta rollo tritubo atocargable con capacidad para rollo tritubo de hasta 500kg.<\/p>\n<p>[vc_btn title=&#8221;Consultar&#8221; style=&#8221;flat&#8221; color=&#8221;inverse&#8221; i_icon_fontawesome=&#8221;fas fa-envelope&#8221; add_icon=&#8221;true&#8221; el_class=&#8221;popmake-1067&#8243;][\/vc_column_text][vc_empty_space][\/vc_column][vc_column width=&#8221;1\/3&#8243;][vc_single_image image=&#8221;913&#8243; img_size=&#8221;FULL&#8221; onclick=&#8221;link_image&#8221;][ts_section_title align=&#8221;left&#8221; title=&#8221;2TN&#8221;][vc_column_text]Con levante mec\u00e1nico a cricket y rosca o hidr\u00e1ulico con bomba manual, con capacidad para bobina de 1,35 de ancho por 2,25m de di\u00e1metro.<\/p>\n<p>[vc_btn title=&#8221;Consultar&#8221; style=&#8221;flat&#8221; color=&#8221;inverse&#8221; i_icon_fontawesome=&#8221;fas fa-envelope&#8221; add_icon=&#8221;true&#8221; el_class=&#8221;popmake-1067&#8243;][\/vc_column_text][vc_empty_space][\/vc_column][vc_column width=&#8221;1\/3&#8243;][vc_images_carousel images=&#8221;914,915,916,917&#8243; img_size=&#8221;full&#8221; speed=&#8221;4000&#8243; autoplay=&#8221;yes&#8221; hide_pagination_control=&#8221;yes&#8221; hide_prev_next_buttons=&#8221;yes&#8221; wrap=&#8221;yes&#8221;][ts_section_title align=&#8221;left&#8221; title=&#8221;4TN&#8221;][vc_column_text]Con levante mec\u00e1nico a cricket y rosca o hidr\u00e1ulico con bomba manual, con capacidad para bobina de 1,40 de ancho por 2,50m de di\u00e1metro.<\/p>\n<p>[vc_btn title=&#8221;Consultar&#8221; style=&#8221;flat&#8221; color=&#8221;inverse&#8221; i_icon_fontawesome=&#8221;fas fa-envelope&#8221; add_icon=&#8221;true&#8221; el_class=&#8221;popmake-1067&#8243;][\/vc_column_text][vc_empty_space][\/vc_column][\/vc_row][vc_row][vc_column width=&#8221;1\/3&#8243;][vc_single_image image=&#8221;918&#8243; img_size=&#8221;FULL&#8221; onclick=&#8221;link_image&#8221;][ts_section_title align=&#8221;left&#8221; title=&#8221;6TN&#8221;][vc_column_text]Con levante hidr\u00e1ulico con bomba manual, con capacidad para bobina de 1,30 de ancho por 2,50m de di\u00e1metro.<\/p>\n<p>[vc_btn title=&#8221;Consultar&#8221; style=&#8221;flat&#8221; color=&#8221;inverse&#8221; i_icon_fontawesome=&#8221;fas fa-envelope&#8221; add_icon=&#8221;true&#8221; el_class=&#8221;popmake-1067&#8243;][\/vc_column_text][vc_empty_space][\/vc_column][vc_column width=&#8221;1\/3&#8243;][vc_single_image image=&#8221;919&#8243; img_size=&#8221;FULL&#8221; onclick=&#8221;link_image&#8221;][ts_section_title align=&#8221;left&#8221; title=&#8221;9TN&#8221;][vc_column_text]Con levante hidr\u00e1ulico con bomba manual, con capacidad para bobina de 1,60 de ancho por 2,60m de di\u00e1metro.<\/p>\n<p>[vc_btn title=&#8221;Consultar&#8221; style=&#8221;flat&#8221; color=&#8221;inverse&#8221; i_icon_fontawesome=&#8221;fas fa-envelope&#8221; add_icon=&#8221;true&#8221; el_class=&#8221;popmake-1067&#8243;][\/vc_column_text][vc_empty_space][\/vc_column][vc_column width=&#8221;1\/3&#8243;][\/vc_column][\/vc_row]<\/p>\n<\/section>","protected":false},"excerpt":{"rendered":"<p>[vc_row][vc_column width=&#8221;1\/3&#8243;][vc_images_carousel images=&#8221;912&#8243; img_size=&#8221;full&#8221; speed=&#8221;4000&#8243; autoplay=&#8221;yes&#8221; hide_pagination_control=&#8221;yes&#8221; hide_prev_next_buttons=&#8221;yes&#8221; wrap=&#8221;yes&#8221;][ts_section_title align=&#8221;left&#8221; title=&#8221;CPA500&#8243;][vc_column_text]Porta rollo tritubo atocargable con capacidad para rollo tritubo de hasta 500kg. [vc_btn title=&#8221;Consultar&#8221; style=&#8221;flat&#8221; color=&#8221;inverse&#8221; i_icon_fontawesome=&#8221;fas fa-envelope&#8221; add_icon=&#8221;true&#8221; el_class=&#8221;popmake-1067&#8243;][\/vc_column_text][vc_empty_space][\/vc_column][vc_column width=&#8221;1\/3&#8243;][vc_single_image image=&#8221;913&#8243; img_size=&#8221;FULL&#8221; onclick=&#8221;link_image&#8221;][ts_section_title align=&#8221;left&#8221; title=&#8221;2TN&#8221;][vc_column_text]Con levante mec\u00e1nico a cricket y rosca o hidr\u00e1ulico con bomba manual, con capacidad para bobina de 1,35 de ancho [&hellip;]<\/p>\n","protected":false},"author":1,"featured_media":0,"parent":0,"menu_order":0,"comment_status":"closed","ping_status":"closed","template":"","meta":{"footnotes":""},"class_list":["post-909","page","type-page","status-publish","hentry"],"acf":[],"_links":{"self":[{"href":"https:\/\/www.robertopierantoni.com.ar\/productos\/wp-json\/wp\/v2\/pages\/909","targetHints":{"allow":["GET"]}}],"collection":[{"href":"https:\/\/www.robertopierantoni.com.ar\/productos\/wp-json\/wp\/v2\/pages"}],"about":[{"href":"https:\/\/www.robertopierantoni.com.ar\/productos\/wp-json\/wp\/v2\/types\/page"}],"author":[{"embeddable":true,"href":"https:\/\/www.robertopierantoni.com.ar\/productos\/wp-json\/wp\/v2\/users\/1"}],"replies":[{"embeddable":true,"href":"https:\/\/www.robertopierantoni.com.ar\/productos\/wp-json\/wp\/v2\/comments?post=909"}],"version-history":[{"count":5,"href":"https:\/\/www.robertopierantoni.com.ar\/productos\/wp-json\/wp\/v2\/pages\/909\/revisions"}],"predecessor-version":[{"id":1120,"href":"https:\/\/www.robertopierantoni.com.ar\/productos\/wp-json\/wp\/v2\/pages\/909\/revisions\/1120"}],"wp:attachment":[{"href":"https:\/\/www.robertopierantoni.com.ar\/productos\/wp-json\/wp\/v2\/media?parent=909"}],"curies":[{"name":"wp","href":"https:\/\/api.w.org\/{rel}","templated":true}]}}