{"id":921,"date":"2023-03-21T20:08:03","date_gmt":"2023-03-21T20:08:03","guid":{"rendered":"https:\/\/www.robertopierantoni.com.ar\/productos\/?page_id=921"},"modified":"2023-06-28T21:00:38","modified_gmt":"2023-06-28T21:00:38","slug":"tuneleras","status":"publish","type":"page","link":"https:\/\/www.robertopierantoni.com.ar\/productos\/tuneleras\/","title":{"rendered":"Tuneleras"},"content":{"rendered":"<section class=\"wpb-content-wrapper\"><p>[vc_row][vc_column width=&#8221;1\/3&#8243;][vc_single_image image=&#8221;1027&#8243; img_size=&#8221;FULL&#8221; onclick=&#8221;link_image&#8221;][ts_section_title align=&#8221;left&#8221; title=&#8221;TME 5,5&#8243;][vc_column_text]Tunelera con motor el\u00e9ctrico trif\u00e1sico de 5,5HP con capacidad de hasta 0,30m de di\u00e1metro por hasta 20m de largo.<\/p>\n<p>[vc_btn title=&#8221;Consultar&#8221; style=&#8221;flat&#8221; color=&#8221;inverse&#8221; i_icon_fontawesome=&#8221;fas fa-envelope&#8221; add_icon=&#8221;true&#8221; el_class=&#8221;popmake-1070&#8243;][\/vc_column_text][vc_empty_space][\/vc_column][vc_column width=&#8221;1\/3&#8243;][vc_single_image image=&#8221;1028&#8243; img_size=&#8221;FULL&#8221; onclick=&#8221;link_image&#8221;][ts_section_title align=&#8221;left&#8221; title=&#8221;THP300&#8243;][vc_column_text]Tunelera con motor hidr\u00e1ulico, para acoplar a sistema hidr\u00e1ulico de retro, hidro, minicargadora, etc. con capacidad de hasta 0,30m de \u00d8 por hasta 20m de largo.<\/p>\n<p>[vc_btn title=&#8221;Consultar&#8221; style=&#8221;flat&#8221; color=&#8221;inverse&#8221; i_icon_fontawesome=&#8221;fas fa-envelope&#8221; add_icon=&#8221;true&#8221; el_class=&#8221;popmake-1070&#8243;][\/vc_column_text][vc_empty_space][\/vc_column][vc_column width=&#8221;1\/3&#8243;][vc_single_image image=&#8221;1029&#8243; img_size=&#8221;FULL&#8221; onclick=&#8221;link_image&#8221;][ts_section_title align=&#8221;left&#8221; title=&#8221;TME12&#8243;][vc_column_text]Tunelera con motor a explosi\u00f3n marca Honda de 13HP con capacidad de hasta 0,30m de di\u00e1metro por hasta 20m de largo.<\/p>\n<p>[vc_btn title=&#8221;Consultar&#8221; style=&#8221;flat&#8221; color=&#8221;inverse&#8221; i_icon_fontawesome=&#8221;fas fa-envelope&#8221; add_icon=&#8221;true&#8221; el_class=&#8221;popmake-1070&#8243;][\/vc_column_text][vc_empty_space][\/vc_column][\/vc_row][vc_row][vc_column width=&#8221;1\/3&#8243;][vc_single_image image=&#8221;927&#8243; img_size=&#8221;FULL&#8221; onclick=&#8221;link_image&#8221;][ts_section_title align=&#8221;left&#8221; title=&#8221;THP520&#8243;][vc_column_text]Tunelera con rotaci\u00f3n y avance hidr\u00e1ulico, para trabajar en espacios reducidos. Largo del equipo 1,20m. Con capacidad de hasta 0,30m de di\u00e1metro por hasta 20m de largo.<\/p>\n<p>[vc_btn title=&#8221;Consultar&#8221; style=&#8221;flat&#8221; color=&#8221;inverse&#8221; i_icon_fontawesome=&#8221;fas fa-envelope&#8221; add_icon=&#8221;true&#8221; el_class=&#8221;popmake-1070&#8243;][\/vc_column_text][vc_empty_space][\/vc_column][vc_column width=&#8221;1\/3&#8243;][vc_single_image image=&#8221;928&#8243; img_size=&#8221;FULL&#8221; onclick=&#8221;link_image&#8221;][ts_section_title align=&#8221;left&#8221; title=&#8221;MINI TUNELERA&#8221;][vc_column_text]Minitunelera con motor el\u00e9ctrico monof\u00e1sico de 2HP, Con capacidad de hasta 40mm de di\u00e1metro por hasta 15m de largo.<\/p>\n<p>[vc_btn title=&#8221;Consultar&#8221; style=&#8221;flat&#8221; color=&#8221;inverse&#8221; i_icon_fontawesome=&#8221;fas fa-envelope&#8221; add_icon=&#8221;true&#8221; el_class=&#8221;popmake-1070&#8243;][\/vc_column_text][vc_empty_space][\/vc_column][vc_column width=&#8221;1\/3&#8243;][\/vc_column][\/vc_row]<\/p>\n<\/section>","protected":false},"excerpt":{"rendered":"<p>[vc_row][vc_column width=&#8221;1\/3&#8243;][vc_single_image image=&#8221;1027&#8243; img_size=&#8221;FULL&#8221; onclick=&#8221;link_image&#8221;][ts_section_title align=&#8221;left&#8221; title=&#8221;TME 5,5&#8243;][vc_column_text]Tunelera con motor el\u00e9ctrico trif\u00e1sico de 5,5HP con capacidad de hasta 0,30m de di\u00e1metro por hasta 20m de largo. [vc_btn title=&#8221;Consultar&#8221; style=&#8221;flat&#8221; color=&#8221;inverse&#8221; i_icon_fontawesome=&#8221;fas fa-envelope&#8221; add_icon=&#8221;true&#8221; el_class=&#8221;popmake-1070&#8243;][\/vc_column_text][vc_empty_space][\/vc_column][vc_column width=&#8221;1\/3&#8243;][vc_single_image image=&#8221;1028&#8243; img_size=&#8221;FULL&#8221; onclick=&#8221;link_image&#8221;][ts_section_title align=&#8221;left&#8221; title=&#8221;THP300&#8243;][vc_column_text]Tunelera con motor hidr\u00e1ulico, para acoplar a sistema hidr\u00e1ulico de retro, hidro, minicargadora, etc. con capacidad [&hellip;]<\/p>\n","protected":false},"author":1,"featured_media":0,"parent":0,"menu_order":0,"comment_status":"closed","ping_status":"closed","template":"","meta":{"footnotes":""},"class_list":["post-921","page","type-page","status-publish","hentry"],"acf":[],"_links":{"self":[{"href":"https:\/\/www.robertopierantoni.com.ar\/productos\/wp-json\/wp\/v2\/pages\/921","targetHints":{"allow":["GET"]}}],"collection":[{"href":"https:\/\/www.robertopierantoni.com.ar\/productos\/wp-json\/wp\/v2\/pages"}],"about":[{"href":"https:\/\/www.robertopierantoni.com.ar\/productos\/wp-json\/wp\/v2\/types\/page"}],"author":[{"embeddable":true,"href":"https:\/\/www.robertopierantoni.com.ar\/productos\/wp-json\/wp\/v2\/users\/1"}],"replies":[{"embeddable":true,"href":"https:\/\/www.robertopierantoni.com.ar\/productos\/wp-json\/wp\/v2\/comments?post=921"}],"version-history":[{"count":5,"href":"https:\/\/www.robertopierantoni.com.ar\/productos\/wp-json\/wp\/v2\/pages\/921\/revisions"}],"predecessor-version":[{"id":1121,"href":"https:\/\/www.robertopierantoni.com.ar\/productos\/wp-json\/wp\/v2\/pages\/921\/revisions\/1121"}],"wp:attachment":[{"href":"https:\/\/www.robertopierantoni.com.ar\/productos\/wp-json\/wp\/v2\/media?parent=921"}],"curies":[{"name":"wp","href":"https:\/\/api.w.org\/{rel}","templated":true}]}}